

{"id":3,"date":"2021-07-15T10:49:55","date_gmt":"2021-07-15T10:49:55","guid":{"rendered":"https:\/\/lemoire.it\/?page_id=3"},"modified":"2022-06-14T11:57:39","modified_gmt":"2022-06-14T11:57:39","slug":"privacy-policy","status":"publish","type":"page","link":"https:\/\/lemoire.it\/en\/privacy-policy\/","title":{"rendered":"Privacy Policy"},"content":{"rendered":"<p>&nbsp;<\/p>\n<p>Privacy Policy pursuant to Legislative Decree 196\/2003 (\"Personal Data Protection Code\")<br \/>\npersonali\u201d)<br \/>\nIn accordance with the commitment and care that Le Moire dedicates to the protection of personal data,<br \/>\nwe provide information on methods, purpose and scope of communication and dissemination of your<br \/>\npersonal data and your rights, in accordance with the art. 13 of Legislative Decree<br \/>\n196\/2003<\/p>\n<p><strong>TYPES OF DATA PROCESSED<\/strong><br \/>\nBrowsing data<br \/>\nThe computer systems and software procedures used in this website<br \/>\nacquire, during their normal operation, some personal data whose transmission is<br \/>\nimplicit in the use of Internet communication protocols.<br \/>\nInformation is not collected to be associated with identified interested parties,<br \/>\nbut which, by their very nature, could, through processing and association with data<br \/>\nheld by third parties, allow users to be identified.<br \/>\nThis category of data includes the IP addresses or domain names of the computers used<br \/>\nby users to connect to the site, the addresses in URI notation (Uniform Resource<br \/>\nidentifier) of the requested resources, the time of the request, the method used in submitting the<br \/>\nrequest to the server, the size of the le obtained in response, the numerical code indicating the<br \/>\ntatus of the response given by the server (good, error, etc.) and other parameters relating to<br \/>\nthe operating system and the user's computer environment.<br \/>\nThese data are used only to obtain anonymous statistical information<br \/>\non the use of the site and to check its correct functioning and are deleted<br \/>\nimmediately after processing. The data could be used to verify<br \/>\nthe liability in case of hypothetical computer crimes against the site: otherwise,<br \/>\nthe data on web contacts do not persist for more than seven days.<br \/>\nCookies<br \/>\nNo personal user data is acquired by the site for this purpose.<br \/>\nThis site uses cookies c.d. \"technical\" persistent technical cookies, used for the<br \/>\ntemporary storage of account data for access to restricted areas of the Site and<br \/>\nto collect information, in aggregate and anonymous form, on the number of Users, on<br \/>\nhow they consult the Site in order to improve it and understand which parts or<br \/>\nelements are most appreciated. No cookies are used for transmission<br \/>\nof information of a personal nature, nor are so-called profiling cookies.<br \/>\nData provided voluntarily by the user<br \/>\nPersonal data voluntarily provided by you to comment or to fill in the various forms<br \/>\n(name, surname, e-mail, address, telephone, etc\u2026) will be used by Le Moire only<br \/>\npurpose of providing you with all the information requested or to allow the publication of yours<br \/>\ncomment. With due exception for any treatment required by law, it is excluded<br \/>\nany other purpose.<\/p>\n<p><strong>DATA PROCESSING METHODS<\/strong><br \/>\nPersonal data is processed with automated tools for the time strictly<br \/>\nnecessary to achieve the purposes for which they were collected. Specific security measures<br \/>\nare observed to prevent data loss, illicit or incorrect use and unauthorized access<br \/>\nauthorised.<\/p>\n<p><strong>PLACE OF DATA PROCESSING<\/strong><br \/>\nThe treatments connected to the web services of this site take place at the Le Moire headquarters<br \/>\nand are handled only by technical personnel in charge of processing, or by any<br \/>\nin charge of occasional maintenance operations. No data from the web service<br \/>\nis communicated or disseminated.<\/p>\n<p><strong>THE \u201cOWNER\u201d OF DATA PROCESSING<\/strong><br \/>\nThe \"owner\" of the data processing is Le Moire SRL \u2013 Via Carlo Alberto Tallerigo,12 \u2013 88040<br \/>\nMotta Santa Lucia (CZ) \u2013 Italy \u2013 E-mail info@lemoire.it<\/p>\n<p><strong>RIGHTS OF INTERESTED PARTIES<\/strong><br \/>\nThe subjects to whom the personal data refer have the right at any time to obtain<br \/>\nconfirmation of the existence or not of the same data and to know its content and origin,<br \/>\nverify its accuracy or request its integration or updating, or rectification<br \/>\n(Article 7 of Legislative Decree No. 196\/2003). According to the same article, user has the right to request the<br \/>\ncancellation, transformation into anonymous form or blocking of data processed in violation of<br \/>\nlaw, as well as to oppose in any case, for legitimate reasons, to their treatment.<br \/>\nRequests should be addressed to the Data Controller, by registered mail with return receipt, to your attention<br \/>\nof the Privacy Office.<\/p>","protected":false},"excerpt":{"rendered":"<p>&nbsp; Informativa ai sensi del D.Lgs. 196\/2003 (\u201cCodice in materia di protezione dei dati personali\u201d) Conformemente all\u2019impegno e alla cura che Le Moire dedica alla tutela dei dati personali, La informiamo sulle modalit\u00e0, nalit\u00e0 e ambito di comunicazione e diffusione dei Suoi dati personali e sui Suoi diritti, in conformit\u00e0 con quanto prescritto dall\u2019art. 13<\/p>\n<p class=\"more-link-wrapper\"><a class=\"btn btn-primary\" href=\"https:\/\/lemoire.it\/en\/privacy-policy\/\">Read More<\/a><\/p>","protected":false},"author":1,"featured_media":0,"parent":0,"menu_order":0,"comment_status":"closed","ping_status":"open","template":"","meta":[],"_links":{"self":[{"href":"https:\/\/lemoire.it\/en\/wp-json\/wp\/v2\/pages\/3"}],"collection":[{"href":"https:\/\/lemoire.it\/en\/wp-json\/wp\/v2\/pages"}],"about":[{"href":"https:\/\/lemoire.it\/en\/wp-json\/wp\/v2\/types\/page"}],"author":[{"embeddable":true,"href":"https:\/\/lemoire.it\/en\/wp-json\/wp\/v2\/users\/1"}],"replies":[{"embeddable":true,"href":"https:\/\/lemoire.it\/en\/wp-json\/wp\/v2\/comments?post=3"}],"version-history":[{"count":4,"href":"https:\/\/lemoire.it\/en\/wp-json\/wp\/v2\/pages\/3\/revisions"}],"predecessor-version":[{"id":4375,"href":"https:\/\/lemoire.it\/en\/wp-json\/wp\/v2\/pages\/3\/revisions\/4375"}],"wp:attachment":[{"href":"https:\/\/lemoire.it\/en\/wp-json\/wp\/v2\/media?parent=3"}],"curies":[{"name":"wp","href":"https:\/\/api.w.org\/{rel}","templated":true}]}}